{"id":900,"date":"2025-09-17T17:23:24","date_gmt":"2025-09-17T17:23:24","guid":{"rendered":"https:\/\/ncvmodelismo.com\/?post_type=product&#038;p=900"},"modified":"2026-02-09T17:17:42","modified_gmt":"2026-02-09T17:17:42","slug":"kit-caucho-de-silicona-translucido-shore-a-20-un-kilo-matriz-papa-noel","status":"publish","type":"product","link":"https:\/\/ncvmodelismo.com\/index.php\/product\/kit-caucho-de-silicona-translucido-shore-a-20-un-kilo-matriz-papa-noel\/","title":{"rendered":"KIT: Caucho De Silicona Translucido Shore A 20 -un Kilo- + Matriz Pap\u00e1 Noel"},"content":{"rendered":"<h1 class=\"product_title entry-title\" style=\"text-align: center;\">Caucho De Silicona Translucido Shore A 20 -un Kilo-<\/h1>\n<h4>Caucho de silicona translucido sin pigmentar<\/h4>\n<h4>*Excelente calidad de copiado y resistencia incluye catalizador.<\/h4>\n<h4>-LA MEJOR CALIDAD DEL MERCADO-<\/h4>\n<h4>Shore A 20 puro\/traslucido !!!!<br \/>\nTiempo de desmolde: 4 \u2013 8hs.<br \/>\nCurado: 24hs.<\/h4>\n<h4>Ideal para realizar moldes para porcelana fr\u00eda , resina epoxi, yeso, cemento, cemento blanco, parafinas , jabones, velas , escultura , piezas impresas en impresi\u00f3n 3d, resinas al agua, resinas acr\u00edlicas<\/h4>\n<h1 style=\"text-align: center;\">+<\/h1>\n<h1 class=\"product_title entry-title\" style=\"text-align: center;\">Matriz Pap\u00e1 Noel<\/h1>\n<h4>Para utilizar con caucho de silicona.<\/h4>\n<h4>Impreso\u00a0en\u00a0<strong>RESINA 3D\u00a0<\/strong><\/h4>\n<h4>Medidas del dise\u00f1o final : 6 x 4 cm.<\/h4>\n<p>&nbsp;<\/p>\n<h3>&#8212;&#8212;&#8212;&#8212;&#8212;&#8212;&#8212;&#8212;&#8212;&#8212;&#8212;&#8212;&#8212;&#8212;&#8212;&#8212;&#8212;&#8211;<\/h3>\n<h3><strong><u>Para env\u00edo<\/u><\/strong><\/h3>\n<h3>Solo hacemos env\u00edos a sucursal de Correo Argentino<\/h3>\n<h3>Se puede abonar por deposito\/transferencia.<\/h3>\n<h3>Indicanos a que zona para cotizar el costo de env\u00edo<\/h3>\n<h3>El despacho se realiza dentro de las 48hs. de acreditado el pago, demora 48\/72hs.\u00a0y permanecer\u00e1 5 d\u00edas en sucursal antes de ser devuelto al remitente, podes hacer el seguimiento con el c\u00f3digo que te enviaremos.<\/h3>\n<h3><strong><u>Retiro en persona:<\/u><\/strong><\/h3>\n<h3>Para retiro por nuestro deposito en Munro se solicita aviso con no menos de 2 Hs. de anticipaci\u00f3n para poder preparar el pedido. Si el pago no es en efectivo debe estar acreditado previo al retiro. En caso que el retiro no sea realizado por el titular del pedido se debe indicar nombre y DNI de quien retire.<\/h3>\n<h3>Nuestro horario de atenci\u00f3n es de lunes a viernes de 11 a 17hs.<\/h3>\n<h3>No dudes en hacernos cualquier pregunta<\/h3>\n","protected":false},"excerpt":{"rendered":"<h1 class=\"product_title entry-title\" style=\"text-align: center;\">Caucho De Silicona Translucido Shore A 20 -un Kilo-<\/h1>\n<h1 style=\"text-align: center;\">+<\/h1>\n<h1 class=\"product_title entry-title\" style=\"text-align: center;\">Matriz Pap\u00e1 Noel<\/h1>\n","protected":false},"featured_media":901,"comment_status":"closed","ping_status":"closed","template":"","meta":[],"product_brand":[],"product_cat":[57,15,56,52],"product_tag":[46,43,51,38,21,22,26,20,39],"class_list":{"0":"post-900","1":"product","2":"type-product","3":"status-publish","4":"has-post-thumbnail","6":"product_cat-catalogo","7":"product_cat-caucho-de-silicona","8":"product_cat-ofertas","9":"product_cat-matrices","10":"product_tag-arcilla-polimerica","11":"product_tag-aromaticas","12":"product_tag-hotsale","13":"product_tag-matriz","14":"product_tag-moldesparacemento-silicona-moldespararesina-moldes-moldecitos-moldesdesilicona-motivational","15":"product_tag-polimeric-clayart-arcilla-arcillapolimerica-ncv-sculpt-sculture-art-artist-arte-escultura","16":"product_tag-resina-uv","17":"product_tag-resinasuv-3d-impresion3d-impresoras3d-resinas-impresorasresina","18":"product_tag-silicon","20":"first","21":"instock","22":"sale","23":"shipping-taxable","24":"purchasable","25":"product-type-simple"},"_links":{"self":[{"href":"https:\/\/ncvmodelismo.com\/index.php\/wp-json\/wp\/v2\/product\/900","targetHints":{"allow":["GET"]}}],"collection":[{"href":"https:\/\/ncvmodelismo.com\/index.php\/wp-json\/wp\/v2\/product"}],"about":[{"href":"https:\/\/ncvmodelismo.com\/index.php\/wp-json\/wp\/v2\/types\/product"}],"replies":[{"embeddable":true,"href":"https:\/\/ncvmodelismo.com\/index.php\/wp-json\/wp\/v2\/comments?post=900"}],"wp:featuredmedia":[{"embeddable":true,"href":"https:\/\/ncvmodelismo.com\/index.php\/wp-json\/wp\/v2\/media\/901"}],"wp:attachment":[{"href":"https:\/\/ncvmodelismo.com\/index.php\/wp-json\/wp\/v2\/media?parent=900"}],"wp:term":[{"taxonomy":"product_brand","embeddable":true,"href":"https:\/\/ncvmodelismo.com\/index.php\/wp-json\/wp\/v2\/product_brand?post=900"},{"taxonomy":"product_cat","embeddable":true,"href":"https:\/\/ncvmodelismo.com\/index.php\/wp-json\/wp\/v2\/product_cat?post=900"},{"taxonomy":"product_tag","embeddable":true,"href":"https:\/\/ncvmodelismo.com\/index.php\/wp-json\/wp\/v2\/product_tag?post=900"}],"curies":[{"name":"wp","href":"https:\/\/api.w.org\/{rel}","templated":true}]}}