{"id":888,"date":"2025-09-16T17:51:12","date_gmt":"2025-09-16T17:51:12","guid":{"rendered":"https:\/\/ncvmodelismo.com\/?post_type=product&#038;p=888"},"modified":"2026-02-21T14:05:58","modified_gmt":"2026-02-21T14:05:58","slug":"ncv-arcilla-polimerica-gris-soft-200gr-horneable","status":"publish","type":"product","link":"https:\/\/ncvmodelismo.com\/index.php\/product\/ncv-arcilla-polimerica-gris-soft-200gr-horneable\/","title":{"rendered":"Ncv Arcilla Polim\u00e9rica Gris Soft 200gr Horneable!"},"content":{"rendered":"<h5>Arcilla Polimerica Horneable NCV! * SOFT gris * 200GR<\/h5>\n<h5>Es una arcilla polim\u00e9rica , con textura maleable, lo que permite realizar piezas con gran calidad de detalles.<br \/>\nSu color gris medio la hace ideal para modelar con altos detalles, ya que no cansa la vista ni se ensucia f\u00e1cilmente.<br \/>\nAsimismo el tono neutro ofrece una muy buena base para pintar tanto en colores claros como oscuros<br \/>\nEs flexible y modelable , no seca al contacto con le aire, lo que la hace ideal para trabajar en proyectos que requieran tiempo y dedicaci\u00f3n.<br \/>\nSe puede trabajar en capas, ya que adhiere perfectamente sobre s\u00ed misma, tanto en piezas crudas como horneadas.<br \/>\nUna vez cocida adquiere gran dureza sin perder los detalles. Por lo cual se recomienda este producto para trabajos a peque\u00f1a escala. es ideal para escultores amantes del realismo, y las texturas.<br \/>\nPerfecto para trabajar en piezas \u00fanicas ya que despu\u00e9s de hornear es un material altamente resistente.<br \/>\nTambi\u00e9n se puede utilizar para la creaci\u00f3n de prototipos que luego ser\u00e1n reproducidos mediante moldes.<br \/>\nSe hornea en una temperatura baja de aprox 130 grados<br \/>\nEste producto NO es toxico<br \/>\nLibre de Ftalatos<\/h5>\n","protected":false},"excerpt":{"rendered":"<p>Es una arcilla polim\u00e9rica , con textura maleable y firme, lo que permite realizar piezas con gran calidad de detalles.<br \/>\nSu color gris medio la hace ideal para modelar con altos detalles, ya que no cansa la vista ni se ensucia f\u00e1cilmente.<br \/>\nAsimismo el tono neutro ofrece una muy buena base para pintar tanto en colores claros como oscuros<\/p>\n<p>Es flexible y modelable , no seca al contacto con le aire, lo que la hace ideal para trabajar en proyectos que requieran tiempo y dedicaci\u00f3n.<br \/>\nSe puede trabajar en capas, ya que adhiere perfectamente sobre s\u00ed misma, tanto en piezas crudas como horneadas.<br \/>\nUna vez cocida adquiere gran dureza sin perder los detalles. Por lo cual se recomienda este producto para trabajos a peque\u00f1a escala. es ideal para escultores amantes del realismo, y las texturas.<br \/>\nPerfecto para trabajar en piezas \u00fanicas ya que despu\u00e9s de hornear es un material altamente resistente.<br \/>\nTambi\u00e9n se puede utilizar para la creaci\u00f3n de prototipos que luego ser\u00e1n reproducidos mediante moldes.<br \/>\nSe hornea en una temperatura baja de aprox. 130 grados<br \/>\nEste producto NO es toxico<br \/>\nLibre de Ftalatos<\/p>\n","protected":false},"featured_media":889,"comment_status":"closed","ping_status":"closed","template":"","meta":[],"product_brand":[],"product_cat":[57,18],"product_tag":[22],"class_list":{"0":"post-888","1":"product","2":"type-product","3":"status-publish","4":"has-post-thumbnail","6":"product_cat-catalogo","7":"product_cat-arcilla-polimerica","8":"product_tag-polimeric-clayart-arcilla-arcillapolimerica-ncv-sculpt-sculture-art-artist-arte-escultura","10":"first","11":"instock","12":"shipping-taxable","13":"purchasable","14":"product-type-simple"},"_links":{"self":[{"href":"https:\/\/ncvmodelismo.com\/index.php\/wp-json\/wp\/v2\/product\/888","targetHints":{"allow":["GET"]}}],"collection":[{"href":"https:\/\/ncvmodelismo.com\/index.php\/wp-json\/wp\/v2\/product"}],"about":[{"href":"https:\/\/ncvmodelismo.com\/index.php\/wp-json\/wp\/v2\/types\/product"}],"replies":[{"embeddable":true,"href":"https:\/\/ncvmodelismo.com\/index.php\/wp-json\/wp\/v2\/comments?post=888"}],"wp:featuredmedia":[{"embeddable":true,"href":"https:\/\/ncvmodelismo.com\/index.php\/wp-json\/wp\/v2\/media\/889"}],"wp:attachment":[{"href":"https:\/\/ncvmodelismo.com\/index.php\/wp-json\/wp\/v2\/media?parent=888"}],"wp:term":[{"taxonomy":"product_brand","embeddable":true,"href":"https:\/\/ncvmodelismo.com\/index.php\/wp-json\/wp\/v2\/product_brand?post=888"},{"taxonomy":"product_cat","embeddable":true,"href":"https:\/\/ncvmodelismo.com\/index.php\/wp-json\/wp\/v2\/product_cat?post=888"},{"taxonomy":"product_tag","embeddable":true,"href":"https:\/\/ncvmodelismo.com\/index.php\/wp-json\/wp\/v2\/product_tag?post=888"}],"curies":[{"name":"wp","href":"https:\/\/api.w.org\/{rel}","templated":true}]}}