{"id":699,"date":"2025-07-28T19:52:51","date_gmt":"2025-07-28T19:52:51","guid":{"rendered":"https:\/\/ncvmodelismo.com\/?post_type=product&#038;p=699"},"modified":"2025-09-18T15:50:11","modified_gmt":"2025-09-18T15:50:11","slug":"699","status":"publish","type":"product","link":"https:\/\/ncvmodelismo.com\/index.php\/product\/699\/","title":{"rendered":"Caucho de Silicona de Platino (apto gastronomico)"},"content":{"rendered":"<h3>\u2705 Ventajas<br \/>\nAlta precisi\u00f3n de reproducci\u00f3n (excelente para moldes finos y detallados)<\/h3>\n<h3>Porcentaje de reducci\u00f3n : 0.1%<\/h3>\n<h3>Alta estabilidad dimensional<\/h3>\n<h3>No t\u00f3xico ni corrosivo (apto gastronom\u00eda )<\/h3>\n<h3>Compatible con resinas epoxi, poli\u00e9ster, poliuretano, jab\u00f3n, cera, cemento, arcilla polim\u00e9rica<\/h3>\n<h3>\u26a0\ufe0f Recomendaciones de uso<br \/>\nMezclar en partes iguales (1:1) hasta obtener una mezcla homog\u00e9nea.<\/h3>\n<h3>Curado: No usar con materiales que contengan azufre, esta\u00f1o, aminas o l\u00e1tex (pueden inhibir el curado).<\/h3>\n<h3>Superficies: En moldes r\u00edgidos se recomienda aplicar desmoldante.<\/h3>\n<h3>Guardar en lugar fresco y seco, entre 15\u201325\u202f\u00b0C<\/h3>\n<h3>&#8212;&#8212;&#8212;&#8212;&#8212;&#8212;&#8212;&#8212;&#8212;&#8212;&#8212;&#8212;&#8212;&#8212;&#8212;&#8212;&#8212;&#8211;<\/h3>\n<h3><strong><u>Para env\u00edo<\/u><\/strong><\/h3>\n<h3>Solo hacemos env\u00edos a sucursal de Correo Argentino<\/h3>\n<h3>Se puede abonar por deposito\/transferencia.<\/h3>\n<h3>Indicanos a que zona para cotizar el costo de env\u00edo<\/h3>\n<h3>El despacho se realiza dentro de las 48hs. de acreditado el pago, demora 48\/72hs.\u00a0y permanecer\u00e1 5 d\u00edas en sucursal antes de ser devuelto al remitente, podes hacer el seguimiento con el c\u00f3digo que te enviaremos.<\/h3>\n<h3><strong><u>Retiro en persona:<\/u><\/strong><\/h3>\n<h3>Para retiro por nuestro deposito en Munro se solicita aviso con no menos de 2 Hs. de anticipaci\u00f3n para poder preparar el pedido. Si el pago no es en efectivo debe estar acreditado previo al retiro. En caso que el retiro no sea realizado por el titular del pedido se debe indicar nombre y DNI de quien retire.<\/h3>\n<h3>Nuestro horario de atenci\u00f3n es de lunes a viernes de 11 a 17hs.<\/h3>\n<h3>No dudes en hacernos cualquier pregunta<\/h3>\n","protected":false},"excerpt":{"rendered":"<p>Caucho de Silicona de Adici\u00f3n (Platino)<br \/>\nTipo de reticulado: Por adici\u00f3n (catalizador platino)<br \/>\nPresentaci\u00f3n: Componente A + Componente B (mezcla 1:1 en peso o volumen)<br \/>\nColor: Translucido<br \/>\nDureza (Shore A) 20<br \/>\nTiempo de trabajo (pot life) 30-60 min (a 23\u00b0C)<br \/>\nTiempo de curado total 6 a 8 h (a 25\u00b0C)<br \/>\nResistencia t\u00e9rmica -50\u00b0C a +200\u00b0C<br \/>\nContracci\u00f3n &lt; 0.1%<br \/>\nElongaci\u00f3n a la rotura 350\u2013600%<br \/>\nResistencia al desgarro 20\u201340 kN\/m<\/p>\n","protected":false},"featured_media":902,"comment_status":"closed","ping_status":"closed","template":"","meta":[],"product_brand":[],"product_cat":[57,15],"product_tag":[],"class_list":{"0":"post-699","1":"product","2":"type-product","3":"status-publish","4":"has-post-thumbnail","6":"product_cat-catalogo","7":"product_cat-caucho-de-silicona","9":"first","10":"instock","11":"shipping-taxable","12":"purchasable","13":"product-type-simple"},"_links":{"self":[{"href":"https:\/\/ncvmodelismo.com\/index.php\/wp-json\/wp\/v2\/product\/699","targetHints":{"allow":["GET"]}}],"collection":[{"href":"https:\/\/ncvmodelismo.com\/index.php\/wp-json\/wp\/v2\/product"}],"about":[{"href":"https:\/\/ncvmodelismo.com\/index.php\/wp-json\/wp\/v2\/types\/product"}],"replies":[{"embeddable":true,"href":"https:\/\/ncvmodelismo.com\/index.php\/wp-json\/wp\/v2\/comments?post=699"}],"wp:featuredmedia":[{"embeddable":true,"href":"https:\/\/ncvmodelismo.com\/index.php\/wp-json\/wp\/v2\/media\/902"}],"wp:attachment":[{"href":"https:\/\/ncvmodelismo.com\/index.php\/wp-json\/wp\/v2\/media?parent=699"}],"wp:term":[{"taxonomy":"product_brand","embeddable":true,"href":"https:\/\/ncvmodelismo.com\/index.php\/wp-json\/wp\/v2\/product_brand?post=699"},{"taxonomy":"product_cat","embeddable":true,"href":"https:\/\/ncvmodelismo.com\/index.php\/wp-json\/wp\/v2\/product_cat?post=699"},{"taxonomy":"product_tag","embeddable":true,"href":"https:\/\/ncvmodelismo.com\/index.php\/wp-json\/wp\/v2\/product_tag?post=699"}],"curies":[{"name":"wp","href":"https:\/\/api.w.org\/{rel}","templated":true}]}}