{"id":646,"date":"2025-02-17T20:15:50","date_gmt":"2025-02-17T20:15:50","guid":{"rendered":"https:\/\/ncvmodelismo.com\/?post_type=product&#038;p=646"},"modified":"2026-03-05T18:48:24","modified_gmt":"2026-03-05T18:48:24","slug":"resina-epoxi-cristal-500gr","status":"publish","type":"product","link":"https:\/\/ncvmodelismo.com\/index.php\/product\/resina-epoxi-cristal-500gr\/","title":{"rendered":"Resina Epoxi Cristal 500gr &#8211; <span style=\"color: #ff0000;\"><strong>SIN STOCK<\/strong><\/span>"},"content":{"rendered":"<h2><span style=\"color: #ff0000;\"><strong>SIN STOCK<\/strong><\/span><\/h2>\n<h1>Resina Epoxi Cristal!<\/h1>\n<h3>Ideal para trabajar con moldes de silicona.<\/h3>\n<h3>Relaci\u00f3n de mezcla: 1:1<\/h3>\n<h3><strong>250 gramos de A\u00a0<\/strong><\/h3>\n<h3><strong>250 gramos de B<\/strong><\/h3>\n<h3>Resina epoxi baja densidad, muy fluida! lo que te asegura una muy buena expulsi\u00f3n de burbujas!<\/h3>\n<h3>Tiempo de trabajo: 40 minutos<\/h3>\n<h3>Tiempo de desmolde : 4 a 6 horas\u00a0 dependiendo la temperatura (superior a 25 grados)<\/h3>\n<h3>(en esta instancia la resina se encuentra flexible, ideal para moldear sobre superficies curvas )<\/h3>\n<h3>Tiempo de secado total: 24hs.<\/h3>\n<h3>Terminaci\u00f3n: transparente cristal brillante<\/h3>\n<h3>Apto para varias superficies<\/h3>\n<h3>Apto encapsulado<\/h3>\n<h3>Apto arcilla polimerica<\/h3>\n<h3><\/h3>\n<h3><strong>CONTAMOS CON VENTA MAYORISTA DE ESTE PRODUCTO<\/strong><\/h3>\n<h3><strong>PRESENTACIONES HASTA 40 KILOS\u00a0<\/strong><\/h3>\n<h3><strong>NO DUDE EN CONSULTAR<\/strong><\/h3>\n<h3>&#8212;&#8212;&#8212;&#8212;&#8212;&#8212;&#8212;&#8212;&#8212;&#8212;&#8212;&#8212;&#8212;&#8212;&#8212;&#8212;&#8212;&#8211;<\/h3>\n<h3><strong><u>Para env\u00edo<\/u><\/strong><\/h3>\n<h3>Solo hacemos env\u00edos a sucursal de Correo Argentino<\/h3>\n<h3>Se puede abonar por deposito\/transferencia.<\/h3>\n<h3>Indicanos a que zona para cotizar el costo de env\u00edo<\/h3>\n<h3>El despacho se realiza dentro de las 48hs. de acreditado el pago, demora 48\/72hs.\u00a0y permanecer\u00e1 5 d\u00edas en sucursal antes de ser devuelto al remitente, podes hacer el seguimiento con el c\u00f3digo que te enviaremos.<\/h3>\n<h3><strong><u>Retiro en persona:<\/u><\/strong><\/h3>\n<h3>Para retiro por nuestro deposito en Munro se solicita aviso con no menos de 2 Hs. de anticipaci\u00f3n para poder preparar el pedido. Si el pago no es en efectivo debe estar acreditado previo al retiro. En caso que el retiro no sea realizado por el titular del pedido se debe indicar nombre y DNI de quien retire.<\/h3>\n<h3>Nuestro horario de atenci\u00f3n es de lunes a viernes de 11 a 17hs.<\/h3>\n<h3>No dudes en hacernos cualquier pregunta<\/h3>\n<div>\n<h1><\/h1>\n<\/div>\n<h2><\/h2>\n","protected":false},"excerpt":{"rendered":"<h2><span style=\"color: #ff0000;\"><strong>SIN STOCK<\/strong><\/span><\/h2>\n<h1>Resina Epoxi Cristal!<\/h1>\n<h3>Ideal para trabajar con moldes de silicona.<\/h3>\n<h3>Relaci\u00f3n de mezcla: 1:1<\/h3>\n<h3><strong>250 gramos de A\u00a0<\/strong><\/h3>\n<h3><strong>250 gramos de B<\/strong><\/h3>\n<h3>Resina epoxi baja densidad, muy fluida! lo que te asegura una muy buena expulsi\u00f3n de burbujas!<\/h3>\n","protected":false},"featured_media":892,"comment_status":"closed","ping_status":"closed","template":"","meta":[],"product_brand":[],"product_cat":[57,49],"product_tag":[],"class_list":{"0":"post-646","1":"product","2":"type-product","3":"status-publish","4":"has-post-thumbnail","6":"product_cat-catalogo","7":"product_cat-resina-epoxi","9":"first","10":"instock","11":"featured","12":"shipping-taxable","13":"purchasable","14":"product-type-simple"},"_links":{"self":[{"href":"https:\/\/ncvmodelismo.com\/index.php\/wp-json\/wp\/v2\/product\/646","targetHints":{"allow":["GET"]}}],"collection":[{"href":"https:\/\/ncvmodelismo.com\/index.php\/wp-json\/wp\/v2\/product"}],"about":[{"href":"https:\/\/ncvmodelismo.com\/index.php\/wp-json\/wp\/v2\/types\/product"}],"replies":[{"embeddable":true,"href":"https:\/\/ncvmodelismo.com\/index.php\/wp-json\/wp\/v2\/comments?post=646"}],"wp:featuredmedia":[{"embeddable":true,"href":"https:\/\/ncvmodelismo.com\/index.php\/wp-json\/wp\/v2\/media\/892"}],"wp:attachment":[{"href":"https:\/\/ncvmodelismo.com\/index.php\/wp-json\/wp\/v2\/media?parent=646"}],"wp:term":[{"taxonomy":"product_brand","embeddable":true,"href":"https:\/\/ncvmodelismo.com\/index.php\/wp-json\/wp\/v2\/product_brand?post=646"},{"taxonomy":"product_cat","embeddable":true,"href":"https:\/\/ncvmodelismo.com\/index.php\/wp-json\/wp\/v2\/product_cat?post=646"},{"taxonomy":"product_tag","embeddable":true,"href":"https:\/\/ncvmodelismo.com\/index.php\/wp-json\/wp\/v2\/product_tag?post=646"}],"curies":[{"name":"wp","href":"https:\/\/api.w.org\/{rel}","templated":true}]}}