{"id":585,"date":"2024-11-13T21:51:45","date_gmt":"2024-11-13T21:51:45","guid":{"rendered":"https:\/\/ncvmodelismo.com\/?post_type=product&#038;p=585"},"modified":"2025-12-12T15:36:43","modified_gmt":"2025-12-12T15:36:43","slug":"ncv-arcilla-polimerica-hobby-translucida-250gr-horneable","status":"publish","type":"product","link":"https:\/\/ncvmodelismo.com\/index.php\/product\/ncv-arcilla-polimerica-hobby-translucida-250gr-horneable\/","title":{"rendered":"Ncv! Arcilla Polim\u00e9rica Hobby Translucida 250gr Horneable!!"},"content":{"rendered":"<h2 class=\"product_title entry-title\">Ncv! Arcilla Polim\u00e9rica Hobby Translucida 250gr Horneable!!<\/h2>\n<h2 class=\"price\"><\/h2>\n<h3>Es una arcilla polim\u00e9rica Translucida de textura maleable y firme, lo que permite realizar cualquier tipo de figuras. Es flexible y modelable, por lo cual es ideal para realizar piezas de joyer\u00eda artesanal. no seca al contacto con el aire, lo que la hace ideal para trabajar en proyectos que requieran tiempo y dedicaci\u00f3n. Se puede trabajar en capas, ya que adhiere perfectamente sobre s\u00ed misma, tanto en piezas crudas como horneadas.<br \/>\nUna vez cocida adquiere gran dureza sin perder los detalles. Por lo cual se recomienda este producto para trabajos a peque\u00f1a escala. es ideal para hobbistas y bisuter\u00eda.<br \/>\nPerfecto para trabajar en piezas \u00fanicas ya que despu\u00e9s de hornear es un material altamente resistente.<\/h3>\n<h3>Presentaci\u00f3n: 250gr<\/h3>\n<h3>&#8212;&#8212;&#8212;&#8212;&#8212;&#8212;&#8212;&#8212;&#8212;&#8212;&#8212;&#8212;&#8212;&#8212;&#8212;&#8212;&#8212;&#8211;<\/h3>\n<h3><strong><u>Para env\u00edo<\/u><\/strong><\/h3>\n<h3>Solo hacemos env\u00edos a sucursal de Correo Argentino<\/h3>\n<h3>Se puede abonar por deposito\/transferencia.<\/h3>\n<h3>Indicanos a que zona para cotizar el costo de env\u00edo<\/h3>\n<h3>El despacho se realiza dentro de las 48hs. de acreditado el pago, demora 48\/72hs.\u00a0y permanecer\u00e1 5 d\u00edas en sucursal antes de ser devuelto al remitente, podes hacer el seguimiento con el c\u00f3digo que te enviaremos.<\/h3>\n<h3><strong><u>Retiro en persona:<\/u><\/strong><\/h3>\n<h3>Para retiro por nuestro deposito en Munro se solicita aviso con no menos de 2 Hs. de anticipaci\u00f3n para poder preparar el pedido. Si el pago no es en efectivo debe estar acreditado previo al retiro. En caso que el retiro no sea realizado por el titular del pedido se debe indicar nombre y DNI de quien retire.<\/h3>\n<h3>Nuestro horario de atenci\u00f3n es de lunes a viernes de 11 a 17hs.<\/h3>\n<h3>No dudes en hacernos cualquier pregunta<\/h3>\n","protected":false},"excerpt":{"rendered":"<h3>Es una arcilla polim\u00e9rica Translucida de textura maleable y firme, lo que permite realizar cualquier tipo de figuras. Es flexible y modelable, por lo cual es ideal para realizar piezas de joyer\u00eda artesanal. no seca al contacto con el aire, lo que la hace ideal para trabajar en proyectos que requieran tiempo y dedicaci\u00f3n. Se puede trabajar en capas, ya que adhiere perfectamente sobre s\u00ed misma, tanto en piezas crudas como horneadas.<br \/>\nUna vez cocida adquiere gran dureza sin perder los detalles. Por lo cual se recomienda este producto para trabajos a peque\u00f1a escala. es ideal para hobbistas y bisuter\u00eda.<br \/>\nPerfecto para trabajar en piezas \u00fanicas ya que despu\u00e9s de hornear es un material altamente resistente.<\/h3>\n<h3>Presentaci\u00f3n: 250gr<\/h3>\n","protected":false},"featured_media":580,"comment_status":"closed","ping_status":"closed","template":"","meta":[],"product_brand":[],"product_cat":[57,18],"product_tag":[46],"class_list":{"0":"post-585","1":"product","2":"type-product","3":"status-publish","4":"has-post-thumbnail","6":"product_cat-catalogo","7":"product_cat-arcilla-polimerica","8":"product_tag-arcilla-polimerica","10":"first","11":"instock","12":"shipping-taxable","13":"purchasable","14":"product-type-simple"},"_links":{"self":[{"href":"https:\/\/ncvmodelismo.com\/index.php\/wp-json\/wp\/v2\/product\/585","targetHints":{"allow":["GET"]}}],"collection":[{"href":"https:\/\/ncvmodelismo.com\/index.php\/wp-json\/wp\/v2\/product"}],"about":[{"href":"https:\/\/ncvmodelismo.com\/index.php\/wp-json\/wp\/v2\/types\/product"}],"replies":[{"embeddable":true,"href":"https:\/\/ncvmodelismo.com\/index.php\/wp-json\/wp\/v2\/comments?post=585"}],"wp:featuredmedia":[{"embeddable":true,"href":"https:\/\/ncvmodelismo.com\/index.php\/wp-json\/wp\/v2\/media\/580"}],"wp:attachment":[{"href":"https:\/\/ncvmodelismo.com\/index.php\/wp-json\/wp\/v2\/media?parent=585"}],"wp:term":[{"taxonomy":"product_brand","embeddable":true,"href":"https:\/\/ncvmodelismo.com\/index.php\/wp-json\/wp\/v2\/product_brand?post=585"},{"taxonomy":"product_cat","embeddable":true,"href":"https:\/\/ncvmodelismo.com\/index.php\/wp-json\/wp\/v2\/product_cat?post=585"},{"taxonomy":"product_tag","embeddable":true,"href":"https:\/\/ncvmodelismo.com\/index.php\/wp-json\/wp\/v2\/product_tag?post=585"}],"curies":[{"name":"wp","href":"https:\/\/api.w.org\/{rel}","templated":true}]}}