{"id":524,"date":"2024-10-18T16:07:49","date_gmt":"2024-10-18T16:07:49","guid":{"rendered":"https:\/\/ncvmodelismo.com\/?post_type=product&#038;p=524"},"modified":"2026-01-08T18:26:25","modified_gmt":"2026-01-08T18:26:25","slug":"caucho-de-silicona-para-velas","status":"publish","type":"product","link":"https:\/\/ncvmodelismo.com\/index.php\/product\/caucho-de-silicona-para-velas\/","title":{"rendered":"Caucho de silicona para velas"},"content":{"rendered":"<h1 class=\"product_title entry-title\">Caucho de Silicona Profesional para Moldes de Velas &#8211; Alta Calidad y Precisi\u00f3n<\/h1>\n<h1 class=\"product_title entry-title\">Translucido Shore A 20 -un Kilo-<\/h1>\n<p>&nbsp;<\/p>\n<h3>Nuestro producto es ideal para artesanos, dise\u00f1adores y aficionados que buscan crear moldes precisos y detallados para velas.<\/h3>\n<h3>&#8211; Paquete incluye: Caucho de silicona, catalizador<\/h3>\n<h3>Caracter\u00edsticas:<\/h3>\n<h3>&#8211; Flexibilidad y resistencia para crear moldes complejos<br \/>\n&#8211; Estabilidad t\u00e9rmica para temperaturas altas y bajas<br \/>\n&#8211; Facilidad de uso y limpieza<br \/>\n&#8211; Resistencia a productos qu\u00edmicos y aceites<br \/>\n&#8211; Disponible en diferentes durezas y tama\u00f1os<\/h3>\n<h3>Ventajas:<\/h3>\n<h3>&#8211; Crea moldes personalizados para velas de diferentes formas y tama\u00f1os<br \/>\n&#8211; Ahorra dinero comparado con comprar moldes prefabricados<br \/>\n&#8211; Experimenta con diferentes dise\u00f1os y t\u00e9cnicas<br \/>\n&#8211; Ideal para producci\u00f3n en serie o proyectos personales<\/h3>\n<h3>Especificaciones T\u00e9cnicas:<\/h3>\n<h3>&#8211; Tipo: Caucho de silicona RTV (Room Temperature Vulcanization)<br \/>\n&#8211; Dureza: Shore A 20<br \/>\n&#8211; Tiempo de curado: 24 horas<\/h3>\n<p>&nbsp;<\/p>\n<h3>&#8212;&#8212;&#8212;&#8212;&#8212;&#8212;&#8212;&#8212;&#8212;&#8212;&#8212;&#8212;&#8212;&#8212;&#8212;&#8212;&#8212;&#8211;<\/h3>\n<h3><strong><u>Para env\u00edo<\/u><\/strong><\/h3>\n<h3>Solo hacemos env\u00edos a sucursal de Correo Argentino<\/h3>\n<h3>Se puede abonar por deposito\/transferencia.<\/h3>\n<h3>Indicanos a que zona para cotizar el costo de env\u00edo<\/h3>\n<h3>El despacho se realiza dentro de las 48hs. de acreditado el pago, demora 48\/72hs.\u00a0y permanecer\u00e1 5 d\u00edas en sucursal antes de ser devuelto al remitente, podes hacer el seguimiento con el c\u00f3digo que te enviaremos.<\/h3>\n<h3><strong><u>Retiro en persona:<\/u><\/strong><\/h3>\n<h3>Para retiro por nuestro deposito en Munro se solicita aviso con no menos de 2 Hs. de anticipaci\u00f3n para poder preparar el pedido. Si el pago no es en efectivo debe estar acreditado previo al retiro. En caso que el retiro no sea realizado por el titular del pedido se debe indicar nombre y DNI de quien retire.<\/h3>\n<h3>Nuestro horario de atenci\u00f3n es de lunes a viernes de 11 a 17hs.<\/h3>\n<h3>No dudes en hacernos cualquier pregunta<\/h3>\n<h3><\/h3>\n","protected":false},"excerpt":{"rendered":"<h1 class=\"product_title entry-title\">Caucho de Silicona Profesional para Moldes de Velas &#8211; Alta Calidad y Precisi\u00f3n<\/h1>\n<h1 class=\"product_title entry-title\">Translucido Shore A 20 -un Kilo-<\/h1>\n<p>&nbsp;<\/p>\n<h3>Nuestro producto es ideal para artesanos, dise\u00f1adores y aficionados que buscan crear moldes precisos y detallados para velas.<\/h3>\n<h3>&#8211; Paquete incluye: Caucho de silicona, catalizador<\/h3>\n<h3><\/h3>\n","protected":false},"featured_media":525,"comment_status":"closed","ping_status":"closed","template":"","meta":[],"product_brand":[],"product_cat":[57,15],"product_tag":[],"class_list":{"0":"post-524","1":"product","2":"type-product","3":"status-publish","4":"has-post-thumbnail","6":"product_cat-catalogo","7":"product_cat-caucho-de-silicona","9":"first","10":"instock","11":"sale","12":"shipping-taxable","13":"purchasable","14":"product-type-simple"},"_links":{"self":[{"href":"https:\/\/ncvmodelismo.com\/index.php\/wp-json\/wp\/v2\/product\/524","targetHints":{"allow":["GET"]}}],"collection":[{"href":"https:\/\/ncvmodelismo.com\/index.php\/wp-json\/wp\/v2\/product"}],"about":[{"href":"https:\/\/ncvmodelismo.com\/index.php\/wp-json\/wp\/v2\/types\/product"}],"replies":[{"embeddable":true,"href":"https:\/\/ncvmodelismo.com\/index.php\/wp-json\/wp\/v2\/comments?post=524"}],"wp:featuredmedia":[{"embeddable":true,"href":"https:\/\/ncvmodelismo.com\/index.php\/wp-json\/wp\/v2\/media\/525"}],"wp:attachment":[{"href":"https:\/\/ncvmodelismo.com\/index.php\/wp-json\/wp\/v2\/media?parent=524"}],"wp:term":[{"taxonomy":"product_brand","embeddable":true,"href":"https:\/\/ncvmodelismo.com\/index.php\/wp-json\/wp\/v2\/product_brand?post=524"},{"taxonomy":"product_cat","embeddable":true,"href":"https:\/\/ncvmodelismo.com\/index.php\/wp-json\/wp\/v2\/product_cat?post=524"},{"taxonomy":"product_tag","embeddable":true,"href":"https:\/\/ncvmodelismo.com\/index.php\/wp-json\/wp\/v2\/product_tag?post=524"}],"curies":[{"name":"wp","href":"https:\/\/api.w.org\/{rel}","templated":true}]}}