{"id":318,"date":"2023-09-06T14:57:12","date_gmt":"2023-09-06T14:57:12","guid":{"rendered":"https:\/\/ncvmodelismo.com\/?post_type=product&#038;p=318"},"modified":"2026-03-20T14:17:24","modified_gmt":"2026-03-20T14:17:24","slug":"ncv-arcilla-polimerica-liquida-x100g","status":"publish","type":"product","link":"https:\/\/ncvmodelismo.com\/index.php\/product\/ncv-arcilla-polimerica-liquida-x100g\/","title":{"rendered":"Ncv Arcilla Polim\u00e9rica L\u00edquida! X100g- <span style=\"color: #ff0000;\"><strong>SIN STOCK<\/strong><\/span>"},"content":{"rendered":"<h2><span style=\"color: #ff0000;\"><strong>SIN STOCK<\/strong><\/span><\/h2>\n<h3>Ncv Arcilla Polim\u00e9rica L\u00edquida<\/h3>\n<h3>Es un producto horneable, l\u00edquido, transl\u00facido<br \/>\nSe puede utilizar como pegamento o en moldes de silicona de poco espesor<br \/>\ntambi\u00e9n pod\u00e9s emplearlo para cambiar la consistencia de la arcilla polim\u00e9rica convencional<br \/>\ncreando diferentes texturas, o pincelando para dar brillo.<\/h3>\n<h3>Modo de uso:<br \/>\nPrecalentar el horno a 130 grados<br \/>\nen piezas de muy bajo espesor hornear durante 10 min a 130g<br \/>\nen piezas de espesor superior a 6mm hornear 30 min por cada 6 mm<\/h3>\n<h3>Si desea hacer m\u00e1s liquida la arcilla polim\u00e9rica liquida para utilizar con pincel,<br \/>\npuede mezclarla con liquido ablandador\/suavizante.<\/h3>\n<h3>&#8212;&#8212;&#8212;&#8212;&#8212;&#8212;&#8212;&#8212;&#8212;&#8212;&#8212;&#8212;&#8212;&#8212;&#8212;&#8212;&#8212;&#8211;<\/h3>\n<h3><strong><u>Para env\u00edo<\/u><\/strong><\/h3>\n<h3>Solo hacemos env\u00edos a sucursal de Correo Argentino<\/h3>\n<h3>Se puede abonar por deposito\/transferencia.<\/h3>\n<h3>Indicanos a que zona para cotizar el costo de env\u00edo<\/h3>\n<h3>El despacho se realiza dentro de las 48hs. de acreditado el pago, demora 48\/72hs.\u00a0y permanecer\u00e1 5 d\u00edas en sucursal antes de ser devuelto al remitente, podes hacer el seguimiento con el c\u00f3digo que te enviaremos.<\/h3>\n<h3><strong><u>Retiro en persona:<\/u><\/strong><\/h3>\n<h3>Para retiro por nuestro deposito en Munro se solicita aviso con no menos de 2 Hs. de anticipaci\u00f3n para poder preparar el pedido. Si el pago no es en efectivo debe estar acreditado previo al retiro. En caso que el retiro no sea realizado por el titular del pedido se debe indicar nombre y DNI de quien retire.<\/h3>\n<h3>Nuestro horario de atenci\u00f3n es de lunes a viernes de 11 a 17hs.<\/h3>\n<h3>No dudes en hacernos cualquier pregunta<\/h3>\n","protected":false},"excerpt":{"rendered":"<h2><span style=\"color: #ff0000;\"><strong>SIN STOCK<\/strong><\/span><\/h2>\n<p>Ncv Arcilla Polim\u00e9rica L\u00edquida<\/p>\n<p>Es un producto horneable, l\u00edquido, transl\u00facido<br \/>\nSe puede utilizar como pegamento o en moldes de silicona de poco espesor<br \/>\ntambi\u00e9n pod\u00e9s emplearlo para cambiar la consistencia de la arcilla polim\u00e9rica convencional<br \/>\ncreando diferentes texturas, o pincelando para dar brillo.<\/p>\n<p>Modo de uso:<br \/>\nPrecalentar el horno a 130 grados<br \/>\nen piezas de muy bajo espesor hornear durante 10 min a 130g<br \/>\nen piezas de espesor superior a 6mm hornear 30 min por cada 6 mm<\/p>\n<p>Si desea hacer m\u00e1s liquida la arcilla polim\u00e9rica liquida para utilizar con pincel,<br \/>\npuede mezclarla con liquido ablandador\/suavizante.<\/p>\n","protected":false},"featured_media":811,"comment_status":"closed","ping_status":"closed","template":"","meta":[],"product_brand":[],"product_cat":[57,18],"product_tag":[22],"class_list":{"0":"post-318","1":"product","2":"type-product","3":"status-publish","4":"has-post-thumbnail","6":"product_cat-catalogo","7":"product_cat-arcilla-polimerica","8":"product_tag-polimeric-clayart-arcilla-arcillapolimerica-ncv-sculpt-sculture-art-artist-arte-escultura","10":"first","11":"instock","12":"featured","13":"shipping-taxable","14":"purchasable","15":"product-type-simple"},"_links":{"self":[{"href":"https:\/\/ncvmodelismo.com\/index.php\/wp-json\/wp\/v2\/product\/318","targetHints":{"allow":["GET"]}}],"collection":[{"href":"https:\/\/ncvmodelismo.com\/index.php\/wp-json\/wp\/v2\/product"}],"about":[{"href":"https:\/\/ncvmodelismo.com\/index.php\/wp-json\/wp\/v2\/types\/product"}],"replies":[{"embeddable":true,"href":"https:\/\/ncvmodelismo.com\/index.php\/wp-json\/wp\/v2\/comments?post=318"}],"wp:featuredmedia":[{"embeddable":true,"href":"https:\/\/ncvmodelismo.com\/index.php\/wp-json\/wp\/v2\/media\/811"}],"wp:attachment":[{"href":"https:\/\/ncvmodelismo.com\/index.php\/wp-json\/wp\/v2\/media?parent=318"}],"wp:term":[{"taxonomy":"product_brand","embeddable":true,"href":"https:\/\/ncvmodelismo.com\/index.php\/wp-json\/wp\/v2\/product_brand?post=318"},{"taxonomy":"product_cat","embeddable":true,"href":"https:\/\/ncvmodelismo.com\/index.php\/wp-json\/wp\/v2\/product_cat?post=318"},{"taxonomy":"product_tag","embeddable":true,"href":"https:\/\/ncvmodelismo.com\/index.php\/wp-json\/wp\/v2\/product_tag?post=318"}],"curies":[{"name":"wp","href":"https:\/\/api.w.org\/{rel}","templated":true}]}}