{"id":285,"date":"2023-05-02T19:28:37","date_gmt":"2023-05-02T19:28:37","guid":{"rendered":"https:\/\/ncvmodelismo.com\/?post_type=product&#038;p=285"},"modified":"2025-09-15T17:40:11","modified_gmt":"2025-09-15T17:40:11","slug":"resina-uv-1000g-alta-def-dlp-sla-lcd-standard-transparente-naranja","status":"publish","type":"product","link":"https:\/\/ncvmodelismo.com\/index.php\/product\/resina-uv-1000g-alta-def-dlp-sla-lcd-standard-transparente-naranja\/","title":{"rendered":"Resina Uv 1000g Alta Def. Dlp Sla Lcd &#8211; Standard &#8211; Transparente &#8211; Naranja"},"content":{"rendered":"<h2><\/h2>\n<h5><\/h5>\n<h3>Resina UV Standad marca Rich-opto por 1Lt.<\/h3>\n<h3>Aptas para CREALITY, WANHAO y ANYCUBIC (estas son las marcas en las cuales tuvimos oportunidad de probarla).<\/h3>\n<h3>Dureza: 80-85 D<br \/>\nContracci\u00f3n de volumen: 5-7%<br \/>\nDensidad: 1,10-1,15 g \/ cm\u00b3<br \/>\nResistencia a la flexi\u00f3n: 75-85MPa<br \/>\nLongitud de onda: 405 nm<br \/>\nPeso: 1000g<br \/>\nForma de enjuague: Limpiar con spray de alcohol y pistola de aire.<br \/>\nAdecuado para: Impresora 3D LCD \/ DLP<br \/>\nAplicaci\u00f3n: Modelado general y pruebas de prototipos industriales.<\/h3>\n<h3>Printer Exposure time Bottom exposure time Bottom layers<\/h3>\n<h3>Creality LD002H 2.5s &#8212;3.5s 12s &#8212; 20s Don\u00b4t change<br \/>\nCreality LD002R 10s &#8212; 13s 50s &#8212; 70s Don\u00b4t change<br \/>\nCreality LD006 3.5s &#8212; 5s 15s &#8212; 30s Don\u00b4t change<br \/>\nWanhao D7 10s &#8212; 15s 80s &#8212; 120s 10<br \/>\nWanhao D8 20s &#8212; 25s 100s &#8212; 120s 10<br \/>\nWanhao CGR Mono 3.5s &#8212;4. 5s 20s &#8212; 40s 6 &#8212; 10<br \/>\nWanhao CGR Mini Mono 3.5s &#8212; 4.5s 18s &#8212; 30s 6 &#8212; 10<br \/>\nAC Photon Mono 2.5s &#8212;3.5s Don\u00b4t change<br \/>\nAC Photon Mono SE 2s &#8212; 3s Don\u00b4t change<br \/>\nAC Photon Mono X 2s &#8212; 4s Don\u00b4t change<br \/>\nMini 4K 3s &#8212; 4s 35s &#8212; 50s<br \/>\nElegoo Mars 16s &#8212; 20s 70s &#8212; 100s<br \/>\nElegoo Mars C 16s &#8212; 20s 70s &#8212; 100s<br \/>\nElegoo Mars Pro 8s &#8212; 10s 45s &#8212; 60s<br \/>\nElegoo 2 2.5s &#8212;3.5s 35s &#8212; 50s<br \/>\nElegoo 2 Pro 2.5s &#8212;3.5s 35s &#8212; 50s<\/h3>\n<h3>&#8220;CONSULTE TODAS SUS DUDAS ANTES DE COMPRAR&#8221;<\/h3>\n<h3>&#8212;&#8212;&#8212;&#8212;&#8212;&#8212;&#8212;&#8212;&#8212;&#8212;&#8212;&#8212;&#8212;&#8212;&#8212;&#8212;&#8212;&#8211;<\/h3>\n<h3><strong><u>Para env\u00edo<\/u><\/strong><\/h3>\n<h3>Solo hacemos env\u00edos a sucursal de Correo Argentino<\/h3>\n<h3>Se puede abonar por deposito\/transferencia.<\/h3>\n<h3>Indicanos a que zona para cotizar el costo de env\u00edo<\/h3>\n<h3>El despacho se realiza dentro de las 48hs. de acreditado el pago, demora 48\/72hs.\u00a0y permanecer\u00e1 5 d\u00edas en sucursal antes de ser devuelto al remitente, podes hacer el seguimiento con el c\u00f3digo que te enviaremos.<\/h3>\n<h3><strong><u>Retiro en persona:<\/u><\/strong><\/h3>\n<h3>Para retiro por nuestro deposito en Munro se solicita aviso con no menos de 2 Hs. de anticipaci\u00f3n para poder preparar el pedido. Si el pago no es en efectivo debe estar acreditado previo al retiro. En caso que el retiro no sea realizado por el titular del pedido se debe indicar nombre y DNI de quien retire.<\/h3>\n<h3>Nuestro horario de atenci\u00f3n es de lunes a viernes de 11 a 17hs.<\/h3>\n<h3>No dudes en hacernos cualquier pregunta<\/h3>\n","protected":false},"excerpt":{"rendered":"<h5><\/h5>\n<p>Resina UV Standad marca Rich-opto por 1Lt.<\/p>\n<p>Aptas para CREALITY, WANHAO y ANYCUBIC (estas son las marcas en las cuales tuvimos oportunidad de probarla).<\/p>\n<p>Dureza: 80-85 D<br \/>\nContracci\u00f3n de volumen: 5-7%<br \/>\nDensidad: 1,10-1,15 g \/ cm\u00b3<br \/>\nResistencia a la flexi\u00f3n: 75-85MPa<br \/>\nLongitud de onda: 405 nm<br \/>\nPeso: 1000g<br \/>\nForma de enjuague: Limpiar con spray de alcohol y pistola de aire.<br \/>\nAdecuado para: Impresora 3D LCD \/ DLP<br \/>\nAplicaci\u00f3n: Modelado general y pruebas de prototipos industriales.<\/p>\n","protected":false},"featured_media":273,"comment_status":"closed","ping_status":"closed","template":"","meta":[],"product_brand":[],"product_cat":[57,19],"product_tag":[20],"class_list":{"0":"post-285","1":"product","2":"type-product","3":"status-publish","4":"has-post-thumbnail","6":"product_cat-catalogo","7":"product_cat-resinas-para-impresion-3d","8":"product_tag-resinasuv-3d-impresion3d-impresoras3d-resinas-impresorasresina","10":"first","11":"instock","12":"shipping-taxable","13":"purchasable","14":"product-type-simple"},"_links":{"self":[{"href":"https:\/\/ncvmodelismo.com\/index.php\/wp-json\/wp\/v2\/product\/285","targetHints":{"allow":["GET"]}}],"collection":[{"href":"https:\/\/ncvmodelismo.com\/index.php\/wp-json\/wp\/v2\/product"}],"about":[{"href":"https:\/\/ncvmodelismo.com\/index.php\/wp-json\/wp\/v2\/types\/product"}],"replies":[{"embeddable":true,"href":"https:\/\/ncvmodelismo.com\/index.php\/wp-json\/wp\/v2\/comments?post=285"}],"wp:featuredmedia":[{"embeddable":true,"href":"https:\/\/ncvmodelismo.com\/index.php\/wp-json\/wp\/v2\/media\/273"}],"wp:attachment":[{"href":"https:\/\/ncvmodelismo.com\/index.php\/wp-json\/wp\/v2\/media?parent=285"}],"wp:term":[{"taxonomy":"product_brand","embeddable":true,"href":"https:\/\/ncvmodelismo.com\/index.php\/wp-json\/wp\/v2\/product_brand?post=285"},{"taxonomy":"product_cat","embeddable":true,"href":"https:\/\/ncvmodelismo.com\/index.php\/wp-json\/wp\/v2\/product_cat?post=285"},{"taxonomy":"product_tag","embeddable":true,"href":"https:\/\/ncvmodelismo.com\/index.php\/wp-json\/wp\/v2\/product_tag?post=285"}],"curies":[{"name":"wp","href":"https:\/\/api.w.org\/{rel}","templated":true}]}}